{"id":2,"date":"2025-12-11T04:52:53","date_gmt":"2025-12-11T04:52:53","guid":{"rendered":"https:\/\/tamguihoaithanh.com\/?page_id=2"},"modified":"2025-12-11T07:09:57","modified_gmt":"2025-12-11T07:09:57","slug":"trang-chu","status":"publish","type":"page","link":"https:\/\/tamguihoaithanh.com\/","title":{"rendered":"Trang ch\u1ee7"},"content":{"rendered":"\n\t<section class=\"section dark\" id=\"section_1360022662\">\n\t\t<div class=\"section-bg fill\" >\n\t\t\t<img loading=\"lazy\" decoding=\"async\" width=\"2560\" height=\"1717\" src=\"https:\/\/tamguihoaithanh.com\/wp-content\/uploads\/2025\/12\/9907480008368593121-1-scaled.jpg\" class=\"bg attachment-original size-original\" alt=\"\" \/>\t\t\t\t\t\t<div class=\"section-bg-overlay absolute fill\"><\/div>\n\t\t\t\n\n\t\t<\/div>\n\n\t\t\n\n\t\t<div class=\"section-content relative\">\n\t\t\t\n\t<div id=\"text-1475682753\" class=\"text\">\n\t\t\n<h2 class=\"uppercase\">Tang k\u00fd sinh t\u1ea7m g\u1eedi c\u00e2y d\u00e2u<\/h2>\n<p class=\"uppercase\"><em>V\u00ec s\u1ee9c kho\u1ebb c\u1ed9ng \u0111\u1ed3ng<\/em><\/p>\n\t\t\n<style>\n#text-1475682753 {\n  font-size: 1.8rem;\n  text-align: center;\n  color: rgb(255,255,255);\n}\n#text-1475682753 > * {\n  color: rgb(255,255,255);\n}\n<\/style>\n\t<\/div>\n\t\n\t\t<\/div>\n\n\t\t\n<style>\n#section_1360022662 {\n  padding-top: 0px;\n  padding-bottom: 0px;\n  min-height: 700px;\n}\n#section_1360022662 .section-bg-overlay {\n  background-color: rgba(0, 0, 0, 0.7);\n}\n<\/style>\n\t<\/section>\n\t\n\n\t<section class=\"section\" id=\"section_504275939\">\n\t\t<div class=\"section-bg fill\" >\n\t\t\t\t\t\t\t\t\t\n\t\t\t\n\n\t\t<\/div>\n\n\t\t\n\n\t\t<div class=\"section-content relative\">\n\t\t\t\n<div class=\"row align-middle\"  id=\"row-1106724971\">\n\n\t<div id=\"col-1493571298\" class=\"col medium-6 small-12 large-6\"  >\n\t\t\t\t<div class=\"col-inner\"  >\n\t\t\t\n\t\t\t\n\t<div id=\"text-835615948\" class=\"text ht-section-title\">\n\t\t\n<h3 class=\"uppercase\">V\u1ec1 ch\u00fang t\u00f4i<\/h3>\n\t\t\t<\/div>\n\t\n<p>Th\u01b0\u01a1ng hi\u1ec7u \u0111\u01b0\u1ee3c b\u1ea3o h\u1ed9 \u2013 S\u1ea3n ph\u1ea9m \u0111\u01b0\u1ee3c ch\u1ee9ng nh\u1eadn<\/p>\n<p>Ho\u00e0i Th\u00e0nh l\u00e0 th\u01b0\u01a1ng hi\u1ec7u \u0111\u00e3 \u0111\u01b0\u1ee3c c\u1ea5p Gi\u1ea5y ch\u1ee9ng nh\u1eadn \u0111\u0103ng k\u00fd nh\u00e3n hi\u1ec7u, ch\u00fang t\u00f4i kh\u00f4ng ch\u1ec9 s\u1ea3n xu\u1ea5t \u2013 m\u00e0 c\u00f2n nghi\u00ean c\u1ee9u, nu\u00f4i tr\u1ed3ng v\u00e0 ph\u00e1t tri\u1ec3n th\u1ea3o d\u01b0\u1ee3c theo h\u01b0\u1edbng b\u1ec1n v\u1eefng. M\u1ed7i s\u1ea3n ph\u1ea9m \u0111\u01b0a \u0111\u1ebfn tay ng\u01b0\u1eddi ti\u00eau d\u00f9ng \u0111\u1ec1u \u0111\u1ea3m b\u1ea3o:<\/p>\n<ul>\n<li>Ngu\u1ed3n g\u1ed1c r\u00f5 r\u00e0ng<\/li>\n<li>Quy tr\u00ecnh ch\u1ebf bi\u1ebfn chu\u1ea9n<\/li>\n<li>H\u01b0\u01a1ng v\u1ecb t\u1ef1 nhi\u00ean<\/li>\n<li>Ch\u1ea5t l\u01b0\u1ee3ng \u1ed5n \u0111\u1ecbnh<\/li>\n<\/ul>\n\t\t<\/div>\n\t\t\t\t\t<\/div>\n\n\t\n\n\t<div id=\"col-952537275\" class=\"col medium-6 small-12 large-6\"  >\n\t\t\t\t<div class=\"col-inner\"  >\n\t\t\t\n\t\t\t\n\n  \n    <div class=\"row large-columns-1 medium-columns- small-columns- slider row-slider slider-nav-simple slider-nav-outside\"  data-flickity-options='{&quot;imagesLoaded&quot;: true, &quot;groupCells&quot;: &quot;100%&quot;, &quot;dragThreshold&quot; : 5, &quot;cellAlign&quot;: &quot;left&quot;,&quot;wrapAround&quot;: true,&quot;prevNextButtons&quot;: true,&quot;percentPosition&quot;: true,&quot;pageDots&quot;: true, &quot;rightToLeft&quot;: false, &quot;autoPlay&quot; : 3000}' >\n\n  <div class=\"gallery-col col\" >\n          <div class=\"col-inner\">\n            <a class=\"image-lightbox lightbox-gallery\" href=\"https:\/\/tamguihoaithanh.com\/wp-content\/uploads\/2025\/12\/9907480008368593121-scaled.jpg\" title=\"\">            <div class=\"box has-hover gallery-box box-overlay dark\">\n              <div class=\"box-image image-cover\" style=\"padding-top:75%;\">\n                <img loading=\"lazy\" decoding=\"async\" width=\"300\" height=\"201\" src=\"https:\/\/tamguihoaithanh.com\/wp-content\/uploads\/2025\/12\/9907480008368593121-300x201.jpg\" class=\"attachment-medium size-medium\" alt=\"\" ids=\"17,18,19\" lightbox_image_size=\"original\" type=\"slider\" columns=\"1\" slider_nav_style=\"simple\" slider_nav_position=\"outside\" slider_bullets=\"true\" auto_slide=\"3000\" image_height=\"75%\" srcset=\"https:\/\/tamguihoaithanh.com\/wp-content\/uploads\/2025\/12\/9907480008368593121-300x201.jpg 300w, https:\/\/tamguihoaithanh.com\/wp-content\/uploads\/2025\/12\/9907480008368593121-1024x687.jpg 1024w, https:\/\/tamguihoaithanh.com\/wp-content\/uploads\/2025\/12\/9907480008368593121-768x515.jpg 768w, https:\/\/tamguihoaithanh.com\/wp-content\/uploads\/2025\/12\/9907480008368593121-1536x1030.jpg 1536w, https:\/\/tamguihoaithanh.com\/wp-content\/uploads\/2025\/12\/9907480008368593121-2048x1374.jpg 2048w\" sizes=\"auto, (max-width: 300px) 100vw, 300px\" \/>                                  <div class=\"overlay fill\"\n                      style=\"background-color: rgba(0,0,0,.15)\">\n                  <\/div>\n                                                              <\/div>\n              <div class=\"box-text text-left\" >\n                 <p><\/p>\n              <\/div>\n            <\/div>\n            <\/a>          <\/div>\n         <\/div><div class=\"gallery-col col\" >\n          <div class=\"col-inner\">\n            <a class=\"image-lightbox lightbox-gallery\" href=\"https:\/\/tamguihoaithanh.com\/wp-content\/uploads\/2025\/12\/9907480008368593123-scaled.jpg\" title=\"\">            <div class=\"box has-hover gallery-box box-overlay dark\">\n              <div class=\"box-image image-cover\" style=\"padding-top:75%;\">\n                <img loading=\"lazy\" decoding=\"async\" width=\"300\" height=\"225\" src=\"https:\/\/tamguihoaithanh.com\/wp-content\/uploads\/2025\/12\/9907480008368593123-300x225.jpg\" class=\"attachment-medium size-medium\" alt=\"\" ids=\"17,18,19\" lightbox_image_size=\"original\" type=\"slider\" columns=\"1\" slider_nav_style=\"simple\" slider_nav_position=\"outside\" slider_bullets=\"true\" auto_slide=\"3000\" image_height=\"75%\" srcset=\"https:\/\/tamguihoaithanh.com\/wp-content\/uploads\/2025\/12\/9907480008368593123-300x225.jpg 300w, https:\/\/tamguihoaithanh.com\/wp-content\/uploads\/2025\/12\/9907480008368593123-1024x768.jpg 1024w, https:\/\/tamguihoaithanh.com\/wp-content\/uploads\/2025\/12\/9907480008368593123-768x576.jpg 768w, https:\/\/tamguihoaithanh.com\/wp-content\/uploads\/2025\/12\/9907480008368593123-1536x1152.jpg 1536w, https:\/\/tamguihoaithanh.com\/wp-content\/uploads\/2025\/12\/9907480008368593123-2048x1536.jpg 2048w\" sizes=\"auto, (max-width: 300px) 100vw, 300px\" \/>                                  <div class=\"overlay fill\"\n                      style=\"background-color: rgba(0,0,0,.15)\">\n                  <\/div>\n                                                              <\/div>\n              <div class=\"box-text text-left\" >\n                 <p><\/p>\n              <\/div>\n            <\/div>\n            <\/a>          <\/div>\n         <\/div><div class=\"gallery-col col\" >\n          <div class=\"col-inner\">\n            <a class=\"image-lightbox lightbox-gallery\" href=\"https:\/\/tamguihoaithanh.com\/wp-content\/uploads\/2025\/12\/9907480008368593127-scaled.jpg\" title=\"\">            <div class=\"box has-hover gallery-box box-overlay dark\">\n              <div class=\"box-image image-cover\" style=\"padding-top:75%;\">\n                <img loading=\"lazy\" decoding=\"async\" width=\"300\" height=\"225\" src=\"https:\/\/tamguihoaithanh.com\/wp-content\/uploads\/2025\/12\/9907480008368593127-300x225.jpg\" class=\"attachment-medium size-medium\" alt=\"\" ids=\"17,18,19\" lightbox_image_size=\"original\" type=\"slider\" columns=\"1\" slider_nav_style=\"simple\" slider_nav_position=\"outside\" slider_bullets=\"true\" auto_slide=\"3000\" image_height=\"75%\" srcset=\"https:\/\/tamguihoaithanh.com\/wp-content\/uploads\/2025\/12\/9907480008368593127-300x225.jpg 300w, https:\/\/tamguihoaithanh.com\/wp-content\/uploads\/2025\/12\/9907480008368593127-1024x768.jpg 1024w, https:\/\/tamguihoaithanh.com\/wp-content\/uploads\/2025\/12\/9907480008368593127-768x576.jpg 768w, https:\/\/tamguihoaithanh.com\/wp-content\/uploads\/2025\/12\/9907480008368593127-1536x1152.jpg 1536w, https:\/\/tamguihoaithanh.com\/wp-content\/uploads\/2025\/12\/9907480008368593127-2048x1536.jpg 2048w\" sizes=\"auto, (max-width: 300px) 100vw, 300px\" \/>                                  <div class=\"overlay fill\"\n                      style=\"background-color: rgba(0,0,0,.15)\">\n                  <\/div>\n                                                              <\/div>\n              <div class=\"box-text text-left\" >\n                 <p><\/p>\n              <\/div>\n            <\/div>\n            <\/a>          <\/div>\n         <\/div><\/div>\n\t\t<\/div>\n\t\t\t\t\t<\/div>\n\n\t\n<\/div>\n\t\t<\/div>\n\n\t\t\n<style>\n#section_504275939 {\n  padding-top: 80px;\n  padding-bottom: 80px;\n}\n<\/style>\n\t<\/section>\n\t\n\n\t<section class=\"section dark\" id=\"section_1867352777\">\n\t\t<div class=\"section-bg fill\" >\n\t\t\t\t\t\t\t\t\t\n\t\t\t\n\n\t\t<\/div>\n\n\t\t\n\n\t\t<div class=\"section-content relative\">\n\t\t\t\n<div class=\"row\"  id=\"row-1220863302\">\n\n\t<div id=\"col-1634089509\" class=\"col medium-7 small-12 large-7\"  >\n\t\t\t\t<div class=\"col-inner\"  >\n\t\t\t\n\t\t\t\n\t<div class=\"img has-hover x md-x lg-x y md-y lg-y\" id=\"image_1862871669\">\n\t\t\t\t\t\t\t\t<div class=\"img-inner image-cover dark\" style=\"padding-top:100%;\">\n\t\t\t<img loading=\"lazy\" decoding=\"async\" width=\"2560\" height=\"1920\" src=\"https:\/\/tamguihoaithanh.com\/wp-content\/uploads\/2025\/12\/2345337583534167639.jpg\" class=\"attachment-original size-original\" alt=\"\" srcset=\"https:\/\/tamguihoaithanh.com\/wp-content\/uploads\/2025\/12\/2345337583534167639.jpg 2560w, https:\/\/tamguihoaithanh.com\/wp-content\/uploads\/2025\/12\/2345337583534167639-300x225.jpg 300w, https:\/\/tamguihoaithanh.com\/wp-content\/uploads\/2025\/12\/2345337583534167639-1024x768.jpg 1024w, https:\/\/tamguihoaithanh.com\/wp-content\/uploads\/2025\/12\/2345337583534167639-768x576.jpg 768w, https:\/\/tamguihoaithanh.com\/wp-content\/uploads\/2025\/12\/2345337583534167639-1536x1152.jpg 1536w, https:\/\/tamguihoaithanh.com\/wp-content\/uploads\/2025\/12\/2345337583534167639-2048x1536.jpg 2048w\" sizes=\"auto, (max-width: 2560px) 100vw, 2560px\" \/>\t\t\t\t\t\t\n\t\t\t\t\t<\/div>\n\t\t\t\t\t\t\t\t\n<style>\n#image_1862871669 {\n  width: 100%;\n}\n<\/style>\n\t<\/div>\n\t\n\t\t<\/div>\n\t\t\t\t\t<\/div>\n\n\t\n\n\t<div id=\"col-2018031477\" class=\"col medium-5 small-12 large-5\"  >\n\t\t\t\t<div class=\"col-inner\"  >\n\t\t\t\n\t\t\t\n<h3>M\u1ed9t c\u01a1 duy\u00ean \u2013 m\u1ed9t h\u00e0nh tr\u00ecnh h\u01a1n 10 n\u0103m<\/h3>\n<p>C\u00e1ch \u0111\u00e2y h\u01a1n m\u1ed9t th\u1eadp k\u1ef7, khi ng\u01b0\u1eddi con d\u00e2u c\u1ee7a gia \u0111\u00ecnh g\u1eb7p t\u00ecnh tr\u1ea1ng \u0111\u1ed9ng thai n\u1eb7ng, vi\u1ec7c ch\u1eefa tr\u1ecb kh\u00f4ng mang l\u1ea1i hi\u1ec7u qu\u1ea3. T\u1eeb l\u1eddi truy\u1ec1n mi\u1ec7ng d\u00e2n gian r\u1eb1ng t\u1ea7m g\u1eedi c\u00e2y d\u00e2u c\u00f3 t\u00e1c d\u1ee5ng an thai, gia \u0111\u00ecnh \u0111\u00e3 \u0111i t\u00ecm kh\u1eafp c\u00e1c l\u00e0ng x\u00e3 v\u00e0 ch\u1ec9 thu \u0111\u01b0\u1ee3c kho\u1ea3ng 2kg.<\/p>\n<p>Nh\u01b0ng ch\u00ednh s\u1ed1 Tang k\u00fd sinh t\u1ea7m g\u1eedi c\u00e2y d\u00e2u \u00edt \u1ecfi \u0111\u00f3 \u0111\u00e3 gi\u00fap s\u1ee9c kh\u1ecfe c\u1ee7a con d\u00e2u h\u1ed3i ph\u1ee5c ho\u00e0n to\u00e0n.<\/p>\n<p>S\u1ef1 vi\u1ec7c \u1ea5y \u0111\u00e3 m\u1edf ra con \u0111\u01b0\u1eddng nghi\u00ean c\u1ee9u v\u00e0 ph\u00e1t tri\u1ec3n lo\u1ea1i th\u1ea3o d\u01b0\u1ee3c qu\u00fd n\u00e0y. Qua t\u00ecm hi\u1ec3u, ch\u00fang t\u00f4i nh\u1eadn th\u1ea5y gi\u00e1 tr\u1ecb l\u1edbn c\u1ee7a Tang k\u00fd sinh t\u1ea7m g\u1eedi c\u00e2y d\u00e2u \u0111\u1ed1i v\u1edbi s\u1ee9c kh\u1ecfe:<\/p>\n<ul>\n<li>B\u1ed5 can th\u1eadn<\/li>\n<li>M\u1ea1nh g\u00e2n c\u1ed1t<\/li>\n<li>Gi\u1ea3m \u0111au nh\u1ee9c x\u01b0\u01a1ng kh\u1edbp<\/li>\n<li>An thai, l\u1ee3i s\u1eefa<\/li>\n<li>T\u1ed1t cho ng\u01b0\u1eddi ti\u1ec3u \u0111\u01b0\u1eddng, ti\u1ec3u \u0111\u00eam<\/li>\n<li>C\u1ea3i thi\u1ec7n gi\u1ea5c ng\u1ee7 v\u00e0 th\u00f4ng kinh l\u1ea1c<\/li>\n<\/ul>\n<p>T\u1eeb \u0111\u00f3, Ho\u00e0i Th\u00e0nh quy\u1ebft t\u00e2m nh\u00e2n gi\u1ed1ng \u2013 tr\u1ed3ng \u2013 ch\u1ebf bi\u1ebfn \u2013 s\u1ea3n xu\u1ea5t theo quy m\u00f4 l\u1edbn.<\/p>\n\t\t<\/div>\n\t\t\t\t\t<\/div>\n\n\t\n<\/div>\n\t\t<\/div>\n\n\t\t\n<style>\n#section_1867352777 {\n  padding-top: 80px;\n  padding-bottom: 80px;\n  background-color: #603813;\n}\n<\/style>\n\t<\/section>\n\t\n\n\t<section class=\"section\" id=\"section_1606124746\">\n\t\t<div class=\"section-bg fill\" >\n\t\t\t\t\t\t\t\t\t\n\t\t\t\n\n\t\t<\/div>\n\n\t\t\n\n\t\t<div class=\"section-content relative\">\n\t\t\t\n<div class=\"row\"  id=\"row-603680466\">\n\n\t<div id=\"col-219989984\" class=\"col small-12 large-12\"  >\n\t\t\t\t<div class=\"col-inner\"  >\n\t\t\t\n\t\t\t\n\t<div id=\"text-620029859\" class=\"text ht-section-title\">\n\t\t\n<h3 class=\"uppercase\">V\u00f9ng Nguy\u00ean Li\u1ec7u &#038; Quy M\u00f4 S\u1ea3n Xu\u1ea5t<\/h3>\n\t\t\t<\/div>\n\t\n\t\t<\/div>\n\t\t\t\t\t<\/div>\n\n\t\n<\/div>\n<div class=\"row align-middle\"  id=\"row-215046393\">\n\n\t<div id=\"col-58199532\" class=\"col medium-5 small-12 large-5\"  >\n\t\t\t\t<div class=\"col-inner\"  >\n\t\t\t\n\t\t\t\n<p>Hi\u1ec7n nay, Ho\u00e0i Th\u00e0nh \u0111\u00e3 ph\u00e1t tri\u1ec3n v\u00f9ng tr\u1ed3ng h\u01a1n 10 ha, s\u1ea3n xu\u1ea5t h\u00e0ng t\u1ea5n Tang k\u00fd sinh t\u1ea7m g\u1eedi c\u00e2y d\u00e2u m\u1ed7i th\u00e1ng \u0111\u1ec3 \u0111\u00e1p \u1ee9ng nhu c\u1ea7u th\u1ecb tr\u01b0\u1eddng.<\/p>\n<p><em><strong>\u0110\u1eb7c \u0111i\u1ec3m v\u00f9ng nguy\u00ean li\u1ec7u:<\/strong><\/em><\/p>\n<ul>\n<li>\u0110\u1ea5t s\u1ea1ch \u2013 kh\u00ed h\u1eadu thu\u1eadn l\u1ee3i<\/li>\n<li>Quy tr\u00ecnh nu\u00f4i k\u00fd sinh theo \u0111\u00fang \u0111\u1eb7c t\u00ednh sinh h\u1ecdc<\/li>\n<li>Thu ho\u1ea1ch \u0111\u00fang \u0111\u1ed9 tu\u1ed5i c\u00e2y \u0111\u1ec3 gi\u1eef h\u00e0m l\u01b0\u1ee3ng d\u01b0\u1ee3c ch\u1ea5t cao<\/li>\n<\/ul>\n\t\t<\/div>\n\t\t\t\t\t<\/div>\n\n\t\n\n\t<div id=\"col-1451921036\" class=\"col medium-7 small-12 large-7\"  >\n\t\t\t\t<div class=\"col-inner\"  >\n\t\t\t\n\t\t\t\n\t<div class=\"img has-hover x md-x lg-x y md-y lg-y\" id=\"image_1701732491\">\n\t\t\t\t\t\t\t\t<div class=\"img-inner image-cover dark\" style=\"padding-top:56.25%;\">\n\t\t\t<img loading=\"lazy\" decoding=\"async\" width=\"1536\" height=\"1152\" src=\"https:\/\/tamguihoaithanh.com\/wp-content\/uploads\/2025\/12\/213758331010930966512-1536x1152.jpg\" class=\"attachment-1536x1536 size-1536x1536\" alt=\"\" srcset=\"https:\/\/tamguihoaithanh.com\/wp-content\/uploads\/2025\/12\/213758331010930966512-1536x1152.jpg 1536w, https:\/\/tamguihoaithanh.com\/wp-content\/uploads\/2025\/12\/213758331010930966512-300x225.jpg 300w, https:\/\/tamguihoaithanh.com\/wp-content\/uploads\/2025\/12\/213758331010930966512-1024x768.jpg 1024w, https:\/\/tamguihoaithanh.com\/wp-content\/uploads\/2025\/12\/213758331010930966512-768x576.jpg 768w, https:\/\/tamguihoaithanh.com\/wp-content\/uploads\/2025\/12\/213758331010930966512-2048x1536.jpg 2048w\" sizes=\"auto, (max-width: 1536px) 100vw, 1536px\" \/>\t\t\t\t\t\t\n\t\t\t\t\t<\/div>\n\t\t\t\t\t\t\t\t\n<style>\n#image_1701732491 {\n  width: 100%;\n}\n<\/style>\n\t<\/div>\n\t\n\t\t<\/div>\n\t\t\t\t\t<\/div>\n\n\t\n<\/div>\n\t\t<\/div>\n\n\t\t\n<style>\n#section_1606124746 {\n  padding-top: 80px;\n  padding-bottom: 80px;\n}\n<\/style>\n\t<\/section>\n\t\n\n\t<section class=\"section dark\" id=\"section_216836966\">\n\t\t<div class=\"section-bg fill\" >\n\t\t\t\t\t\t\t\t\t\n\t\t\t\n\n\t\t<\/div>\n\n\t\t\n\n\t\t<div class=\"section-content relative\">\n\t\t\t\n<div class=\"row\"  id=\"row-492170449\">\n\n\t<div id=\"col-878037621\" class=\"col medium-7 small-12 large-7\"  >\n\t\t\t\t<div class=\"col-inner\"  >\n\t\t\t\n\t\t\t\n\t<div class=\"img has-hover x md-x lg-x y md-y lg-y\" id=\"image_1796519662\">\n\t\t\t\t\t\t\t\t<div class=\"img-inner image-cover dark\" style=\"padding-top:100%;\">\n\t\t\t<img loading=\"lazy\" decoding=\"async\" width=\"2560\" height=\"1717\" src=\"https:\/\/tamguihoaithanh.com\/wp-content\/uploads\/2025\/12\/9907480008368593121-scaled.jpg\" class=\"attachment-original size-original\" alt=\"\" srcset=\"https:\/\/tamguihoaithanh.com\/wp-content\/uploads\/2025\/12\/9907480008368593121-scaled.jpg 2560w, https:\/\/tamguihoaithanh.com\/wp-content\/uploads\/2025\/12\/9907480008368593121-300x201.jpg 300w, https:\/\/tamguihoaithanh.com\/wp-content\/uploads\/2025\/12\/9907480008368593121-1024x687.jpg 1024w, https:\/\/tamguihoaithanh.com\/wp-content\/uploads\/2025\/12\/9907480008368593121-768x515.jpg 768w, https:\/\/tamguihoaithanh.com\/wp-content\/uploads\/2025\/12\/9907480008368593121-1536x1030.jpg 1536w, https:\/\/tamguihoaithanh.com\/wp-content\/uploads\/2025\/12\/9907480008368593121-2048x1374.jpg 2048w\" sizes=\"auto, (max-width: 2560px) 100vw, 2560px\" \/>\t\t\t\t\t\t\n\t\t\t\t\t<\/div>\n\t\t\t\t\t\t\t\t\n<style>\n#image_1796519662 {\n  width: 100%;\n}\n<\/style>\n\t<\/div>\n\t\n\t\t<\/div>\n\t\t\t\t\t<\/div>\n\n\t\n\n\t<div id=\"col-2007577803\" class=\"col medium-5 small-12 large-5\"  >\n\t\t\t\t<div class=\"col-inner\"  >\n\t\t\t\n\t\t\t\n\t<div id=\"text-3645155129\" class=\"text\">\n\t\t\n<h3 class=\"thin-font uppercase\">S\u1ea3n ph\u1ea9m ti\u00eau bi\u1ec3u<\/h3>\n<h2 class=\"uppercase\">Tang K\u00fd Sinh T\u1ea7m G\u1eedi C\u00e2y D\u00e2u<\/h2>\n\t\t\n<style>\n#text-3645155129 {\n  font-size: 1.4rem;\n}\n<\/style>\n\t<\/div>\n\t\n<p><em><strong>100% nguy\u00ean li\u1ec7u t\u1ef1 nhi\u00ean \u2013 D\u00f2ng tr\u00e0 d\u01b0\u1ee1ng sinh h\u1eb1ng ng\u00e0y<\/strong><\/em><\/p>\n<p>Tang k\u00fd sinh t\u1ea7m g\u1eedi c\u00e2y d\u00e2u \u0111\u01b0\u1ee3c thu h\u00e1i v\u00e0 s\u01a1 ch\u1ebf theo ph\u01b0\u01a1ng ph\u00e1p truy\u1ec1n th\u1ed1ng k\u1ebft h\u1ee3p m\u00e1y m\u00f3c hi\u1ec7n \u0111\u1ea1i.<\/p>\n<p><strong>C\u00f4ng d\u1ee5ng:<\/strong><\/p>\n<ul>\n<li>H\u1ed7 tr\u1ee3 x\u01b0\u01a1ng kh\u1edbp, gi\u1ea3m \u0111au m\u1ecfi<\/li>\n<li>T\u0103ng ch\u1ea5t l\u01b0\u1ee3ng gi\u1ea5c ng\u1ee7<\/li>\n<li>T\u1ed1t cho ph\u1ee5 n\u1eef mang thai &amp; sau sinh (an thai \u2013 l\u1ee3i s\u1eefa)<\/li>\n<li>H\u1ed7 tr\u1ee3 ng\u01b0\u1eddi ti\u1ec3u \u0111\u01b0\u1eddng, ti\u1ec3u \u0111\u00eam<\/li>\n<li>B\u1ed3i b\u1ed5 gan th\u1eadn, t\u0103ng c\u01b0\u1eddng s\u1ee9c kh\u1ecfe<\/li>\n<\/ul>\n<p><strong>D\u1ea1ng s\u1ea3n ph\u1ea9m:<\/strong><\/p>\n<ul>\n<li>Tr\u00e0 th\u1ea3o m\u1ed9c d\u1ea1ng kh\u00f4<\/li>\n<li>\u0110\u00f3ng g\u00f3i ti\u00eau chu\u1ea9n, tem nh\u00e3n theo ch\u1ee9ng nh\u1eadn<\/li>\n<\/ul>\n\t\t<\/div>\n\t\t\t\t\t<\/div>\n\n\t\n<\/div>\n\t\t<\/div>\n\n\t\t\n<style>\n#section_216836966 {\n  padding-top: 80px;\n  padding-bottom: 80px;\n  background-color: #264c23;\n}\n<\/style>\n\t<\/section>\n\t\n\n\t<section class=\"section\" id=\"section_1206686932\">\n\t\t<div class=\"section-bg fill\" >\n\t\t\t\t\t\t\t\t\t\n\t\t\t\n\n\t\t<\/div>\n\n\t\t\n\n\t\t<div class=\"section-content relative\">\n\t\t\t\n<div class=\"row\"  id=\"row-1326323392\">\n\n\t<div id=\"col-1126370404\" class=\"col small-12 large-12\"  >\n\t\t\t\t<div class=\"col-inner\"  >\n\t\t\t\n\t\t\t\n\t<div id=\"text-2464705820\" class=\"text\">\n\t\t\n<p class=\"lead\"><em>\u201cCh\u00fang t\u00f4i xin ch\u00e2n th\u00e0nh c\u1ea3m \u01a1n qu\u00fd kh\u00e1ch h\u00e0ng tr\u00ean m\u1ecdi mi\u1ec1n T\u1ed5 qu\u1ed1c \u0111\u00e3 tin t\u01b0\u1edfng v\u00e0 \u0111\u1ed3ng h\u00e0nh c\u00f9ng s\u1ea3n ph\u1ea9m c\u1ee7a Ho\u00e0i Th\u00e0nh. S\u1ef1 h\u00e0i l\u00f2ng c\u1ee7a qu\u00fd v\u1ecb l\u00e0 \u0111\u1ed9ng l\u1ef1c \u0111\u1ec3 ch\u00fang t\u00f4i kh\u00f4ng ng\u1eebng ph\u00e1t tri\u1ec3n v\u00e0 mang t\u1edbi nh\u1eefng gi\u00e1 tr\u1ecb t\u1ed1t \u0111\u1eb9p h\u01a1n cho c\u1ed9ng \u0111\u1ed3ng.\u201d<\/em><\/p>\n\t\t\n<style>\n#text-2464705820 {\n  text-align: center;\n}\n<\/style>\n\t<\/div>\n\t\n\t\t<\/div>\n\t\t\t\t\t<\/div>\n\n\t\n<\/div>\n\t\t<\/div>\n\n\t\t\n<style>\n#section_1206686932 {\n  padding-top: 50px;\n  padding-bottom: 50px;\n}\n<\/style>\n\t<\/section>\n\t\n","protected":false},"excerpt":{"rendered":"","protected":false},"author":1,"featured_media":0,"parent":0,"menu_order":0,"comment_status":"closed","ping_status":"closed","template":"page-blank.php","meta":{"footnotes":""},"class_list":["post-2","page","type-page","status-publish","hentry"],"_links":{"self":[{"href":"https:\/\/tamguihoaithanh.com\/index.php\/wp-json\/wp\/v2\/pages\/2","targetHints":{"allow":["GET"]}}],"collection":[{"href":"https:\/\/tamguihoaithanh.com\/index.php\/wp-json\/wp\/v2\/pages"}],"about":[{"href":"https:\/\/tamguihoaithanh.com\/index.php\/wp-json\/wp\/v2\/types\/page"}],"author":[{"embeddable":true,"href":"https:\/\/tamguihoaithanh.com\/index.php\/wp-json\/wp\/v2\/users\/1"}],"replies":[{"embeddable":true,"href":"https:\/\/tamguihoaithanh.com\/index.php\/wp-json\/wp\/v2\/comments?post=2"}],"version-history":[{"count":13,"href":"https:\/\/tamguihoaithanh.com\/index.php\/wp-json\/wp\/v2\/pages\/2\/revisions"}],"predecessor-version":[{"id":41,"href":"https:\/\/tamguihoaithanh.com\/index.php\/wp-json\/wp\/v2\/pages\/2\/revisions\/41"}],"wp:attachment":[{"href":"https:\/\/tamguihoaithanh.com\/index.php\/wp-json\/wp\/v2\/media?parent=2"}],"curies":[{"name":"wp","href":"https:\/\/api.w.org\/{rel}","templated":true}]}}